{"id":558,"date":"2023-06-14T17:51:46","date_gmt":"2023-06-14T14:51:46","guid":{"rendered":"https:\/\/sayginakademisporkulubu.com\/?page_id=558"},"modified":"2024-04-29T18:01:13","modified_gmt":"2024-04-29T15:01:13","slug":"branslarimiz","status":"publish","type":"page","link":"https:\/\/sayginakademisporkulubu.com\/?page_id=558","title":{"rendered":"Bran\u015flar\u0131m\u0131z"},"content":{"rendered":"\t\t<div data-elementor-type=\"wp-page\" data-elementor-id=\"558\" class=\"elementor elementor-558\">\n\t\t\t\t\t\t\t\t\t<section class=\"elementor-section elementor-top-section elementor-element elementor-element-a52f289 elementor-section-boxed elementor-section-height-default elementor-section-height-default\" data-id=\"a52f289\" data-element_type=\"section\" data-settings=\"{&quot;background_background&quot;:&quot;classic&quot;}\">\n\t\t\t\t\t\t<div class=\"elementor-container elementor-column-gap-default\">\n\t\t\t\t\t<div class=\"elementor-column elementor-col-100 elementor-top-column elementor-element elementor-element-1ba5a58\" data-id=\"1ba5a58\" data-element_type=\"column\">\n\t\t\t<div class=\"elementor-widget-wrap elementor-element-populated\">\n\t\t\t\t\t\t\t\t<div class=\"elementor-element elementor-element-4eb36ad elementor-hidden-desktop elementor-widget elementor-widget-full-screen-menu-for-elementor\" data-id=\"4eb36ad\" data-element_type=\"widget\" data-widget_type=\"full-screen-menu-for-elementor.default\">\n\t\t\t\t<div class=\"elementor-widget-container\">\n\t\t\t\t\t<div class=\"fsmfe-wrapper\">\n\t\t\t<input type=\"checkbox\" id=\"menu-toggle-69d2018bf3fc8\" class=\"menu-toggle\">\n\t\t\t<label for=\"menu-toggle-69d2018bf3fc8\" class=\"icon-bars\">\n\t\t\t\t<span class=\"icon-bar bar-top\"><\/span>\n\t\t\t\t<span class=\"icon-bar bar-middle\"><\/span>\n\t\t\t\t<span class=\"icon-bar bar-bottom\"><\/span>\n\t\t\t<\/label>\n\t\t\t<div class=\"menu-overlay\">\n\t\t\t\t<div class=\"content-type-menu\">\n\t\t\t\t\t<ul id=\"menu-main-menu\" class=\"content-type-menu\"><li id=\"menu-item-462\" class=\"menu-item menu-item-type-post_type menu-item-object-page menu-item-home menu-item-462\"><a href=\"https:\/\/sayginakademisporkulubu.com\/\">Ana Sayfa<\/a><\/li>\n<li id=\"menu-item-569\" class=\"menu-item menu-item-type-post_type menu-item-object-page menu-item-569\"><a href=\"https:\/\/sayginakademisporkulubu.com\/?page_id=558\">Bran\u015flar\u0131m\u0131z<\/a><\/li>\n<li id=\"menu-item-570\" class=\"menu-item menu-item-type-post_type menu-item-object-page menu-item-570\"><a href=\"https:\/\/sayginakademisporkulubu.com\/?page_id=515\">Galeri<\/a><\/li>\n<li id=\"menu-item-571\" class=\"menu-item menu-item-type-post_type menu-item-object-page menu-item-571\"><a href=\"https:\/\/sayginakademisporkulubu.com\/?page_id=423\">Kadromuz<\/a><\/li>\n<li id=\"menu-item-622\" class=\"menu-item menu-item-type-post_type menu-item-object-page menu-item-622\"><a href=\"https:\/\/sayginakademisporkulubu.com\/?page_id=619\">Bloglar\u0131m\u0131z<\/a><\/li>\n<\/ul>\t\t\t\t<\/div>\n\t\t\t<\/div>\n\t\t<\/div>\n\t\t\t\t<\/div>\n\t\t\t\t<\/div>\n\t\t\t\t<div class=\"elementor-element elementor-element-674b852 elementor-hidden-tablet elementor-hidden-mobile elementor-view-default elementor-widget elementor-widget-icon\" data-id=\"674b852\" data-element_type=\"widget\" data-widget_type=\"icon.default\">\n\t\t\t\t<div class=\"elementor-widget-container\">\n\t\t\t\t\t<div class=\"elementor-icon-wrapper\">\n\t\t\t<a class=\"elementor-icon elementor-animation-shrink\" href=\"https:\/\/sayginakademisporkulubu.com\/\">\n\t\t\t<i aria-hidden=\"true\" class=\"icon icon-home2\"><\/i>\t\t\t<\/a>\n\t\t<\/div>\n\t\t\t\t<\/div>\n\t\t\t\t<\/div>\n\t\t\t\t<div class=\"elementor-element elementor-element-4ef1949 elementor-widget elementor-widget-heading\" data-id=\"4ef1949\" data-element_type=\"widget\" data-widget_type=\"heading.default\">\n\t\t\t\t<div class=\"elementor-widget-container\">\n\t\t\t<style>\/*! elementor - v3.7.0 - 08-08-2022 *\/\n.elementor-heading-title{padding:0;margin:0;line-height:1}.elementor-widget-heading .elementor-heading-title[class*=elementor-size-]>a{color:inherit;font-size:inherit;line-height:inherit}.elementor-widget-heading .elementor-heading-title.elementor-size-small{font-size:15px}.elementor-widget-heading .elementor-heading-title.elementor-size-medium{font-size:19px}.elementor-widget-heading .elementor-heading-title.elementor-size-large{font-size:29px}.elementor-widget-heading .elementor-heading-title.elementor-size-xl{font-size:39px}.elementor-widget-heading .elementor-heading-title.elementor-size-xxl{font-size:59px}<\/style><h2 class=\"elementor-heading-title elementor-size-default\">Hangi dersi almak istiyorsun?<\/h2>\t\t<\/div>\n\t\t\t\t<\/div>\n\t\t\t\t\t<\/div>\n\t\t<\/div>\n\t\t\t\t\t\t\t<\/div>\n\t\t<\/section>\n\t\t\t\t<section class=\"elementor-section elementor-top-section elementor-element elementor-element-f4bcbf8 elementor-section-boxed elementor-section-height-default elementor-section-height-default\" data-id=\"f4bcbf8\" data-element_type=\"section\" data-settings=\"{&quot;background_background&quot;:&quot;gradient&quot;}\">\n\t\t\t\t\t\t<div class=\"elementor-container elementor-column-gap-default\">\n\t\t\t\t\t<div class=\"elementor-column elementor-col-50 elementor-top-column elementor-element elementor-element-25097a9\" data-id=\"25097a9\" data-element_type=\"column\" data-settings=\"{&quot;background_background&quot;:&quot;classic&quot;}\">\n\t\t\t<div class=\"elementor-widget-wrap elementor-element-populated\">\n\t\t\t\t\t\t\t\t<div class=\"elementor-element elementor-element-76c9bd8 ekit-equal-height-disable elementor-widget elementor-widget-elementskit-image-box\" data-id=\"76c9bd8\" data-element_type=\"widget\" data-widget_type=\"elementskit-image-box.default\">\n\t\t\t\t<div class=\"elementor-widget-container\">\n\t\t\t<div class=\"ekit-wid-con\" >\n            <div class=\"elementskit-info-image-box ekit-image-box text-center simple-card\" >\n\n                \n                <div class=\"elementskit-box-header image-box-img-center\">\n\n                    <img loading=\"lazy\" decoding=\"async\" width=\"750\" height=\"497\" src=\"https:\/\/sayginakademisporkulubu.com\/wp-content\/uploads\/2023\/06\/aikido-card-768x509.jpg\" class=\"attachment-medium_large size-medium_large\" alt=\"\" srcset=\"https:\/\/sayginakademisporkulubu.com\/wp-content\/uploads\/2023\/06\/aikido-card-768x509.jpg 768w, https:\/\/sayginakademisporkulubu.com\/wp-content\/uploads\/2023\/06\/aikido-card-300x199.jpg 300w, https:\/\/sayginakademisporkulubu.com\/wp-content\/uploads\/2023\/06\/aikido-card-1024x679.jpg 1024w, https:\/\/sayginakademisporkulubu.com\/wp-content\/uploads\/2023\/06\/aikido-card.jpg 1280w\" sizes=\"auto, (max-width: 750px) 100vw, 750px\" \/>\n                <\/div>\n                \n                <div class=\"elementskit-box-body ekit-image-box-body\">\n                    <div class=\"elementskit-box-content ekit-image-box-body-inner\">\n                                                <h3 class=\"elementskit-info-box-title\">\n\n                        \n                        <a>Aikido <\/a>\n                        \n                    <\/h3>\n                                                            <div class=\"elementskit-box-style-content\">\n                        Aikido bir \"modern Japon sava\u015f sanat\u0131\" d\u0131r. Japonya'daki di\u011fer sava\u015f sanatlar\u0131 gibi aikido sadece kendini korumak i\u00e7in de\u011fil, ayn\u0131 zamanda ruhsal geli\u015fim i\u00e7in de bir \u00f6\u011fretidir.\n<br>\n<br>\n<br>                    <\/div>\n                                    <\/div>\n\n                                <div class=\"elementskit-box-footer\">\n                    <div class=\"box-footer\">\n                        <div class=\"btn-wraper\">\n                                                            <a href=\"https:\/\/web.whatsapp.com\/send?phone=905415362202&#038;text=Merhaba\" target=\"_blank\" class=\"elementskit-btn whitespace--normal\">\n                                    \n                                    <i aria-hidden=\"true\" class=\"fab fa-whatsapp\"><\/i>\n                                    \u0130leti\u015fime Ge\u00e7                                <\/a>\n                                                        <\/div>\n                    <\/div>\n                <\/div>\n                            <\/div>\n            <\/div>\n    <\/div>\t\t<\/div>\n\t\t\t\t<\/div>\n\t\t\t\t\t<\/div>\n\t\t<\/div>\n\t\t\t\t<div class=\"elementor-column elementor-col-50 elementor-top-column elementor-element elementor-element-6326aef\" data-id=\"6326aef\" data-element_type=\"column\" data-settings=\"{&quot;background_background&quot;:&quot;classic&quot;}\">\n\t\t\t<div class=\"elementor-widget-wrap elementor-element-populated\">\n\t\t\t\t\t\t\t\t<div class=\"elementor-element elementor-element-3928f0a ekit-equal-height-disable elementor-widget elementor-widget-elementskit-image-box\" data-id=\"3928f0a\" data-element_type=\"widget\" data-widget_type=\"elementskit-image-box.default\">\n\t\t\t\t<div class=\"elementor-widget-container\">\n\t\t\t<div class=\"ekit-wid-con\" >\n            <div class=\"elementskit-info-image-box ekit-image-box text-center simple-card\" >\n\n                \n                <div class=\"elementskit-box-header image-box-img-center\">\n\n                    <img loading=\"lazy\" decoding=\"async\" width=\"750\" height=\"497\" src=\"https:\/\/sayginakademisporkulubu.com\/wp-content\/uploads\/2024\/04\/Adsiz-tasarim-2024-04-29T175859.745-768x509.png\" class=\"attachment-medium_large size-medium_large\" alt=\"\" srcset=\"https:\/\/sayginakademisporkulubu.com\/wp-content\/uploads\/2024\/04\/Adsiz-tasarim-2024-04-29T175859.745-768x509.png 768w, https:\/\/sayginakademisporkulubu.com\/wp-content\/uploads\/2024\/04\/Adsiz-tasarim-2024-04-29T175859.745-300x199.png 300w, https:\/\/sayginakademisporkulubu.com\/wp-content\/uploads\/2024\/04\/Adsiz-tasarim-2024-04-29T175859.745-1024x679.png 1024w, https:\/\/sayginakademisporkulubu.com\/wp-content\/uploads\/2024\/04\/Adsiz-tasarim-2024-04-29T175859.745-360x240.png 360w, https:\/\/sayginakademisporkulubu.com\/wp-content\/uploads\/2024\/04\/Adsiz-tasarim-2024-04-29T175859.745.png 1280w\" sizes=\"auto, (max-width: 750px) 100vw, 750px\" \/>\n                <\/div>\n                \n                <div class=\"elementskit-box-body ekit-image-box-body\">\n                    <div class=\"elementskit-box-content ekit-image-box-body-inner\">\n                                                <h3 class=\"elementskit-info-box-title\">\n\n                        \n                        <a>Kick Box <\/a>\n                        \n                    <\/h3>\n                                                            <div class=\"elementskit-box-style-content\">\n                        Kick boks, yumruk, tekme, diz ve s\u0131n\u0131rl\u0131 clinch uygulamalar\u0131n\u0131n bir araya getirilmesiyle olu\u015fturulmu\u015f eklektik bir d\u00f6v\u00fc\u015f sporudur. Egzersiz sistemi olarak uygulanabildi\u011fi gibi tam temasl\u0131 bir m\u00fccadele sporu olarak da uygulanabilmektedir                    <\/div>\n                                    <\/div>\n\n                                <div class=\"elementskit-box-footer\">\n                    <div class=\"box-footer\">\n                        <div class=\"btn-wraper\">\n                                                            <a href=\"https:\/\/web.whatsapp.com\/send?phone=905415362202&#038;text=Merhaba\" target=\"_blank\" class=\"elementskit-btn whitespace--normal\">\n                                    \n                                    <i aria-hidden=\"true\" class=\"fab fa-whatsapp\"><\/i>\n                                    \u0130leti\u015fime Ge\u00e7                                <\/a>\n                                                        <\/div>\n                    <\/div>\n                <\/div>\n                            <\/div>\n            <\/div>\n    <\/div>\t\t<\/div>\n\t\t\t\t<\/div>\n\t\t\t\t\t<\/div>\n\t\t<\/div>\n\t\t\t\t\t\t\t<\/div>\n\t\t<\/section>\n\t\t\t\t<section class=\"elementor-section elementor-top-section elementor-element elementor-element-de386d5 elementor-section-boxed elementor-section-height-default elementor-section-height-default\" data-id=\"de386d5\" data-element_type=\"section\" data-settings=\"{&quot;background_background&quot;:&quot;gradient&quot;}\">\n\t\t\t\t\t\t<div class=\"elementor-container elementor-column-gap-default\">\n\t\t\t\t\t<div class=\"elementor-column elementor-col-50 elementor-top-column elementor-element elementor-element-5d1a8ee\" data-id=\"5d1a8ee\" data-element_type=\"column\" data-settings=\"{&quot;background_background&quot;:&quot;classic&quot;}\">\n\t\t\t<div class=\"elementor-widget-wrap elementor-element-populated\">\n\t\t\t\t\t\t\t\t<div class=\"elementor-element elementor-element-a5e6964 ekit-equal-height-disable elementor-widget elementor-widget-elementskit-image-box\" data-id=\"a5e6964\" data-element_type=\"widget\" data-widget_type=\"elementskit-image-box.default\">\n\t\t\t\t<div class=\"elementor-widget-container\">\n\t\t\t<div class=\"ekit-wid-con\" >\n            <div class=\"elementskit-info-image-box ekit-image-box text-center simple-card\" >\n\n                \n                <div class=\"elementskit-box-header image-box-img-center\">\n\n                    <img decoding=\"async\" src=\"https:\/\/sayginakademisporkulubu.com\/wp-content\/uploads\/elementor\/thumbs\/WhatsApp-Image-2024-02-21-at-14.15.16-3-qk4y4f15xl7jyj6xn0d67q90ewj5759hzt11ic2skq.jpeg\" title=\"WhatsApp Image 2024-02-21 at 14.15.16 (3)\" alt=\"WhatsApp Image 2024-02-21 at 14.15.16 (3)\" \/>\n                <\/div>\n                \n                <div class=\"elementskit-box-body ekit-image-box-body\">\n                    <div class=\"elementskit-box-content ekit-image-box-body-inner\">\n                                                <h3 class=\"elementskit-info-box-title\">\n\n                        \n                        <a>Boks <\/a>\n                        \n                    <\/h3>\n                                                            <div class=\"elementskit-box-style-content\">\n                        Boks, iki ki\u015finin hakem g\u00f6zetiminde kar\u015f\u0131l\u0131kl\u0131 yumrukla\u015ft\u0131klar\u0131 ve birbirlerini nakavtla ya da puanla yenmeye \u00e7al\u0131\u015ft\u0131klar\u0131 spor m\u00fcsabakas\u0131d\u0131r.\n<br>\n<br>\n<br>                    <\/div>\n                                    <\/div>\n\n                                <div class=\"elementskit-box-footer\">\n                    <div class=\"box-footer\">\n                        <div class=\"btn-wraper\">\n                                                            <a href=\"https:\/\/web.whatsapp.com\/send?phone=905415362202&#038;text=Merhaba\" target=\"_blank\" class=\"elementskit-btn whitespace--normal\">\n                                    \n                                    <i aria-hidden=\"true\" class=\"fab fa-whatsapp\"><\/i>\n                                    \u0130leti\u015fime Ge\u00e7                                <\/a>\n                                                        <\/div>\n                    <\/div>\n                <\/div>\n                            <\/div>\n            <\/div>\n    <\/div>\t\t<\/div>\n\t\t\t\t<\/div>\n\t\t\t\t\t<\/div>\n\t\t<\/div>\n\t\t\t\t<div class=\"elementor-column elementor-col-50 elementor-top-column elementor-element elementor-element-0ddd6d7\" data-id=\"0ddd6d7\" data-element_type=\"column\" data-settings=\"{&quot;background_background&quot;:&quot;classic&quot;}\">\n\t\t\t<div class=\"elementor-widget-wrap elementor-element-populated\">\n\t\t\t\t\t\t\t\t<div class=\"elementor-element elementor-element-e4a104c ekit-equal-height-disable elementor-widget elementor-widget-elementskit-image-box\" data-id=\"e4a104c\" data-element_type=\"widget\" data-widget_type=\"elementskit-image-box.default\">\n\t\t\t\t<div class=\"elementor-widget-container\">\n\t\t\t<div class=\"ekit-wid-con\" >\n            <div class=\"elementskit-info-image-box ekit-image-box text-center simple-card\" >\n\n                \n                <div class=\"elementskit-box-header image-box-img-center\">\n\n                    <img loading=\"lazy\" decoding=\"async\" width=\"1280\" height=\"849\" src=\"https:\/\/sayginakademisporkulubu.com\/wp-content\/uploads\/2024\/04\/Adsiz-tasarim-2024-04-29T175928.748.png\" class=\"attachment-full size-full\" alt=\"\" srcset=\"https:\/\/sayginakademisporkulubu.com\/wp-content\/uploads\/2024\/04\/Adsiz-tasarim-2024-04-29T175928.748.png 1280w, https:\/\/sayginakademisporkulubu.com\/wp-content\/uploads\/2024\/04\/Adsiz-tasarim-2024-04-29T175928.748-300x199.png 300w, https:\/\/sayginakademisporkulubu.com\/wp-content\/uploads\/2024\/04\/Adsiz-tasarim-2024-04-29T175928.748-1024x679.png 1024w, https:\/\/sayginakademisporkulubu.com\/wp-content\/uploads\/2024\/04\/Adsiz-tasarim-2024-04-29T175928.748-768x509.png 768w, https:\/\/sayginakademisporkulubu.com\/wp-content\/uploads\/2024\/04\/Adsiz-tasarim-2024-04-29T175928.748-360x240.png 360w\" sizes=\"auto, (max-width: 1280px) 100vw, 1280px\" \/>\n                <\/div>\n                \n                <div class=\"elementskit-box-body ekit-image-box-body\">\n                    <div class=\"elementskit-box-content ekit-image-box-body-inner\">\n                                                <h3 class=\"elementskit-info-box-title\">\n\n                        \n                        <a>Muay Thai <\/a>\n                        \n                    <\/h3>\n                                                            <div class=\"elementskit-box-style-content\">\n                        Muay Thai, Tayland'da ortaya \u00e7\u0131kan ve \u00f6zg\u00fcn ad\u0131 Muay Thai olan d\u00f6v\u00fc\u015f sporu. Tayland Boksu da denir. Ba\u015fta Tayland olmak \u00fczere Myanmar, Kambo\u00e7ya, Laos gibi G\u00fcneydo\u011fu Asya \u00fclkelerinde uygulan\u0131r.\n<br>\n<br>                    <\/div>\n                                    <\/div>\n\n                                <div class=\"elementskit-box-footer\">\n                    <div class=\"box-footer\">\n                        <div class=\"btn-wraper\">\n                                                            <a href=\"https:\/\/web.whatsapp.com\/send?phone=905415362202&#038;text=Merhaba\" target=\"_blank\" class=\"elementskit-btn whitespace--normal\">\n                                    \n                                    <i aria-hidden=\"true\" class=\"fab fa-whatsapp\"><\/i>\n                                    \u0130leti\u015fime Ge\u00e7                                <\/a>\n                                                        <\/div>\n                    <\/div>\n                <\/div>\n                            <\/div>\n            <\/div>\n    <\/div>\t\t<\/div>\n\t\t\t\t<\/div>\n\t\t\t\t\t<\/div>\n\t\t<\/div>\n\t\t\t\t\t\t\t<\/div>\n\t\t<\/section>\n\t\t\t\t\t\t\t<\/div>\n\t\t","protected":false},"excerpt":{"rendered":"<p>Ana Sayfa Bran\u015flar\u0131m\u0131z Galeri Kadromuz Bloglar\u0131m\u0131z Hangi dersi almak istiyorsun? Aikido Aikido bir &#8220;modern Japon sava\u015f sanat\u0131&#8221; d\u0131r. Japonya&#8217;daki di\u011fer sava\u015f sanatlar\u0131 gibi aikido sadece kendini korumak i\u00e7in de\u011fil, ayn\u0131 zamanda ruhsal geli\u015fim i\u00e7in de bir \u00f6\u011fretidir. \u0130leti\u015fime Ge\u00e7 Kick Box Kick boks, yumruk, tekme, diz ve s\u0131n\u0131rl\u0131 clinch uygulamalar\u0131n\u0131n [&hellip;]<\/p>\n","protected":false},"author":1,"featured_media":0,"parent":376,"menu_order":0,"comment_status":"closed","ping_status":"closed","template":"page-templates\/template-pagebuilder-full-width.php","meta":{"footnotes":""},"class_list":["post-558","page","type-page","status-publish","hentry"],"_links":{"self":[{"href":"https:\/\/sayginakademisporkulubu.com\/index.php?rest_route=\/wp\/v2\/pages\/558","targetHints":{"allow":["GET"]}}],"collection":[{"href":"https:\/\/sayginakademisporkulubu.com\/index.php?rest_route=\/wp\/v2\/pages"}],"about":[{"href":"https:\/\/sayginakademisporkulubu.com\/index.php?rest_route=\/wp\/v2\/types\/page"}],"author":[{"embeddable":true,"href":"https:\/\/sayginakademisporkulubu.com\/index.php?rest_route=\/wp\/v2\/users\/1"}],"replies":[{"embeddable":true,"href":"https:\/\/sayginakademisporkulubu.com\/index.php?rest_route=%2Fwp%2Fv2%2Fcomments&post=558"}],"version-history":[{"count":32,"href":"https:\/\/sayginakademisporkulubu.com\/index.php?rest_route=\/wp\/v2\/pages\/558\/revisions"}],"predecessor-version":[{"id":1134,"href":"https:\/\/sayginakademisporkulubu.com\/index.php?rest_route=\/wp\/v2\/pages\/558\/revisions\/1134"}],"up":[{"embeddable":true,"href":"https:\/\/sayginakademisporkulubu.com\/index.php?rest_route=\/wp\/v2\/pages\/376"}],"wp:attachment":[{"href":"https:\/\/sayginakademisporkulubu.com\/index.php?rest_route=%2Fwp%2Fv2%2Fmedia&parent=558"}],"curies":[{"name":"wp","href":"https:\/\/api.w.org\/{rel}","templated":true}]}}